{"id":1084,"date":"2023-12-10T11:29:18","date_gmt":"2023-12-10T11:29:18","guid":{"rendered":"https:\/\/letsgetspanish.com\/?page_id=1084"},"modified":"2024-01-26T12:14:03","modified_gmt":"2024-01-26T12:14:03","slug":"what-is-the-cefr","status":"publish","type":"page","link":"https:\/\/letsgetspanish.com\/?page_id=1084","title":{"rendered":"Work With Us"},"content":{"rendered":"\t\t<div data-elementor-type=\"wp-page\" data-elementor-id=\"1084\" class=\"elementor elementor-1084\">\n\t\t\t\t<div class=\"elementor-element elementor-element-326bd0e e-flex e-con-boxed e-con e-parent\" data-id=\"326bd0e\" data-element_type=\"container\" data-settings=\"{&quot;background_background&quot;:&quot;classic&quot;}\">\n\t\t\t\t\t<div class=\"e-con-inner\">\n\t\t\t\t<div class=\"elementor-element elementor-element-5a1ec62 elementor-widget elementor-widget-image\" data-id=\"5a1ec62\" data-element_type=\"widget\" data-widget_type=\"image.default\">\n\t\t\t\t<div class=\"elementor-widget-container\">\n\t\t\t\t\t\t\t\t\t\t\t\t\t<img fetchpriority=\"high\" decoding=\"async\" width=\"1024\" height=\"97\" src=\"https:\/\/letsgetspanish.com\/wp-content\/uploads\/2024\/01\/this-could-be-you-1-1024x97.png\" class=\"attachment-large size-large wp-image-1760\" alt=\"\" srcset=\"https:\/\/letsgetspanish.com\/wp-content\/uploads\/2024\/01\/this-could-be-you-1-1024x97.png 1024w, https:\/\/letsgetspanish.com\/wp-content\/uploads\/2024\/01\/this-could-be-you-1-300x28.png 300w, https:\/\/letsgetspanish.com\/wp-content\/uploads\/2024\/01\/this-could-be-you-1-768x72.png 768w, https:\/\/letsgetspanish.com\/wp-content\/uploads\/2024\/01\/this-could-be-you-1-1536x145.png 1536w, https:\/\/letsgetspanish.com\/wp-content\/uploads\/2024\/01\/this-could-be-you-1-2048x193.png 2048w\" sizes=\"(max-width: 1024px) 100vw, 1024px\" \/>\t\t\t\t\t\t\t\t\t\t\t\t\t<\/div>\n\t\t\t\t<\/div>\n\t\t\t\t<div class=\"elementor-element elementor-element-6ebedac elementor-widget elementor-widget-image\" data-id=\"6ebedac\" data-element_type=\"widget\" data-widget_type=\"image.default\">\n\t\t\t\t<div class=\"elementor-widget-container\">\n\t\t\t\t\t\t\t\t\t\t\t\t\t<img decoding=\"async\" width=\"1024\" height=\"742\" src=\"https:\/\/letsgetspanish.com\/wp-content\/uploads\/2024\/01\/Work-With-us-1-1024x742.png\" class=\"attachment-large size-large wp-image-1563\" alt=\"\" srcset=\"https:\/\/letsgetspanish.com\/wp-content\/uploads\/2024\/01\/Work-With-us-1-1024x742.png 1024w, https:\/\/letsgetspanish.com\/wp-content\/uploads\/2024\/01\/Work-With-us-1-300x217.png 300w, https:\/\/letsgetspanish.com\/wp-content\/uploads\/2024\/01\/Work-With-us-1-768x557.png 768w, https:\/\/letsgetspanish.com\/wp-content\/uploads\/2024\/01\/Work-With-us-1-1536x1113.png 1536w, https:\/\/letsgetspanish.com\/wp-content\/uploads\/2024\/01\/Work-With-us-1-2048x1484.png 2048w\" sizes=\"(max-width: 1024px) 100vw, 1024px\" \/>\t\t\t\t\t\t\t\t\t\t\t\t\t<\/div>\n\t\t\t\t<\/div>\n\t\t\t\t<div class=\"elementor-element elementor-element-3b62dee elementor-widget elementor-widget-heading\" data-id=\"3b62dee\" data-element_type=\"widget\" data-widget_type=\"heading.default\">\n\t\t\t\t<div class=\"elementor-widget-container\">\n\t\t\t<h2 class=\"elementor-heading-title elementor-size-default\">WORK WITH US<\/h2>\t\t<\/div>\n\t\t\t\t<\/div>\n\t\t\t\t<div class=\"elementor-element elementor-element-9dea292 elementor-widget elementor-widget-heading\" data-id=\"9dea292\" data-element_type=\"widget\" data-widget_type=\"heading.default\">\n\t\t\t\t<div class=\"elementor-widget-container\">\n\t\t\t<h2 class=\"elementor-heading-title elementor-size-default\">JOIN OUR TEAM<\/h2>\t\t<\/div>\n\t\t\t\t<\/div>\n\t\t\t\t<div class=\"elementor-element elementor-element-451359c elementor-widget elementor-widget-text-editor\" data-id=\"451359c\" data-element_type=\"widget\" data-widget_type=\"text-editor.default\">\n\t\t\t\t<div class=\"elementor-widget-container\">\n\t\t\t\t\t\t\t<p><span style=\"font-weight: 400;\">\u00bfEres un profesor de espa\u00f1ol apasionado y con experiencia? Siempre estamos en la b\u00fasqueda de otro super profe\u00a0 talentoso para unirse a nuestro incre\u00edble equipo en Let&#8217;s get Spanish. Ofrecemos un entorno atractivo y de apoyo donde puedes compartir tus conocimientos y marcar una diferencia en las vidas de nuestros estudiantes. \ud83d\udc9b<\/span><\/p><p><span style=\"font-weight: 400;\">\u00bfCUMPLES CON ESTOS REQUISITOS?<\/span><\/p><p><span style=\"font-weight: 400;\">&#8211; Pasi\u00f3n por la ense\u00f1anza<br \/><\/span><span style=\"font-weight: 400;\">&#8211; Radicar en Latinoam\u00e9rica<br \/><\/span><span style=\"font-weight: 400;\">&#8211; Disponibilidad inmediata<br \/><\/span><span style=\"font-weight: 400;\">&#8211; Area de trabajo silenciosa<br \/><\/span><span style=\"font-weight: 400;\">&#8211;\u00a0 Experiencia ense\u00f1ando espa\u00f1ol (+2 a\u00f1os)<\/span><\/p><p><span style=\"font-weight: 400;\">Si est\u00e1s listo para inspirar, educar y formar parte de una experiencia \u00fanica en la ense\u00f1anza del espa\u00f1ol desde la comodidad de tu casa, \u00a1nos encantar\u00eda conocerte! Da el siguiente paso en tu carrera como profesor y \u00fanete a nuestra misi\u00f3n de hacer que el aprendizaje del espa\u00f1ol sea una experiencia enriquecedora y memorable.<\/span><\/p><p><span style=\"font-weight: 400;\">C\u00f3mo Postularte:<br \/><\/span><span style=\"font-weight: 400;\">Env\u00edanos tu curr\u00edculum a <\/span><i><span style=\"font-weight: 400;\"><a href=\"mailto:info@letsgetspanish.com\">info@letsgetspanish.com<\/a>\u00a0 <\/span><\/i><\/p><p><span style=\"font-weight: 400;\">\u00a1Esperamos verte!\ud83e\udd29<\/span><\/p>\t\t\t\t\t\t<\/div>\n\t\t\t\t<\/div>\n\t\t\t\t\t<\/div>\n\t\t\t\t<\/div>\n\t\t\t\t<\/div>\n\t\t","protected":false},"excerpt":{"rendered":"<p>WORK WITH US JOIN OUR TEAM \u00bfEres un profesor de espa\u00f1ol apasionado y con experiencia? Siempre estamos en la b\u00fasqueda de otro super profe\u00a0 talentoso para unirse a nuestro incre\u00edble equipo en Let&#8217;s get Spanish. Ofrecemos un entorno atractivo y de apoyo donde puedes compartir tus conocimientos y marcar una diferencia en las vidas de &hellip;<\/p>\n<p class=\"read-more\"> <a class=\"\" href=\"https:\/\/letsgetspanish.com\/?page_id=1084\"> <span class=\"screen-reader-text\">Work With Us<\/span> Read More &raquo;<\/a><\/p>\n","protected":false},"author":4,"featured_media":0,"parent":0,"menu_order":0,"comment_status":"closed","ping_status":"closed","template":"","meta":{"site-sidebar-layout":"no-sidebar","site-content-layout":"","ast-site-content-layout":"full-width-container","site-content-style":"default","site-sidebar-style":"default","ast-global-header-display":"","ast-banner-title-visibility":"","ast-main-header-display":"","ast-hfb-above-header-display":"","ast-hfb-below-header-display":"","ast-hfb-mobile-header-display":"","site-post-title":"disabled","ast-breadcrumbs-content":"","ast-featured-img":"disabled","footer-sml-layout":"","theme-transparent-header-meta":"","adv-header-id-meta":"","stick-header-meta":"","header-above-stick-meta":"","header-main-stick-meta":"","header-below-stick-meta":"","astra-migrate-meta-layouts":"","ast-page-background-enabled":"default","ast-page-background-meta":{"desktop":{"background-color":"var(--ast-global-color-4)","background-image":"","background-repeat":"repeat","background-position":"center center","background-size":"auto","background-attachment":"scroll","background-type":"","background-media":"","overlay-type":"","overlay-color":"","overlay-gradient":""},"tablet":{"background-color":"","background-image":"","background-repeat":"repeat","background-position":"center center","background-size":"auto","background-attachment":"scroll","background-type":"","background-media":"","overlay-type":"","overlay-color":"","overlay-gradient":""},"mobile":{"background-color":"","background-image":"","background-repeat":"repeat","background-position":"center center","background-size":"auto","background-attachment":"scroll","background-type":"","background-media":"","overlay-type":"","overlay-color":"","overlay-gradient":""}},"ast-content-background-meta":{"desktop":{"background-color":"var(--ast-global-color-5)","background-image":"","background-repeat":"repeat","background-position":"center center","background-size":"auto","background-attachment":"scroll","background-type":"","background-media":"","overlay-type":"","overlay-color":"","overlay-gradient":""},"tablet":{"background-color":"var(--ast-global-color-5)","background-image":"","background-repeat":"repeat","background-position":"center center","background-size":"auto","background-attachment":"scroll","background-type":"","background-media":"","overlay-type":"","overlay-color":"","overlay-gradient":""},"mobile":{"background-color":"var(--ast-global-color-5)","background-image":"","background-repeat":"repeat","background-position":"center center","background-size":"auto","background-attachment":"scroll","background-type":"","background-media":"","overlay-type":"","overlay-color":"","overlay-gradient":""}},"footnotes":""},"_links":{"self":[{"href":"https:\/\/letsgetspanish.com\/index.php?rest_route=\/wp\/v2\/pages\/1084"}],"collection":[{"href":"https:\/\/letsgetspanish.com\/index.php?rest_route=\/wp\/v2\/pages"}],"about":[{"href":"https:\/\/letsgetspanish.com\/index.php?rest_route=\/wp\/v2\/types\/page"}],"author":[{"embeddable":true,"href":"https:\/\/letsgetspanish.com\/index.php?rest_route=\/wp\/v2\/users\/4"}],"replies":[{"embeddable":true,"href":"https:\/\/letsgetspanish.com\/index.php?rest_route=%2Fwp%2Fv2%2Fcomments&post=1084"}],"version-history":[{"count":20,"href":"https:\/\/letsgetspanish.com\/index.php?rest_route=\/wp\/v2\/pages\/1084\/revisions"}],"predecessor-version":[{"id":1763,"href":"https:\/\/letsgetspanish.com\/index.php?rest_route=\/wp\/v2\/pages\/1084\/revisions\/1763"}],"wp:attachment":[{"href":"https:\/\/letsgetspanish.com\/index.php?rest_route=%2Fwp%2Fv2%2Fmedia&parent=1084"}],"curies":[{"name":"wp","href":"https:\/\/api.w.org\/{rel}","templated":true}]}}